{"id":11969,"date":"2020-07-04T08:37:37","date_gmt":"2022-01-24T16:48:58","guid":{"rendered":"https:\/\/dfh.es\/producto\/graduated-rulers-dfh-cristal\/"},"modified":"2022-01-25T12:21:16","modified_gmt":"2022-01-25T12:21:16","slug":"graduated-rulers-in-transparent-acrylate-sheet-dimensional-stability-against-deformation-and-expansion-division-in-mms-by-mechanically-engraving-high-precision","status":"publish","type":"product","link":"https:\/\/dfh.es\/en\/producto\/graduated-rulers-in-transparent-acrylate-sheet-dimensional-stability-against-deformation-and-expansion-division-in-mms-by-mechanically-engraving-high-precision\/","title":{"rendered":"GRADUATED RULERS DFH-CRISTAL."},"content":{"rendered":"<ul>\n<li>In 2 mm.:<br \/>\nLenght: 20 &#8211; 30 &#8211; 40 &#8211; 50 &#8211; 60 &#8211; 80 and 100 cm.<br \/>\n-Ref. 121320 &#8211; 121330 &#8211; 121340 &#8211; 121350 &#8211; 121360 &#8211; 121380 &#8211; 121400<\/li>\n<li>In 4 mm.:<br \/>\nLenght: 30 &#8211; 60 &#8211; 80 &#8211; 100 &#8211; 120 and 150 cm.<br \/>\n-Ref. 121530 &#8211; 121560 &#8211; 131580 (SMOKE )- 121600 &#8211; 121602 &#8211; 121605<\/li>\n<\/ul>\n","protected":false},"excerpt":{"rendered":"<p>In 2 mm.: Lenght: 20 &#8211; 30 &#8211; 40 &#8211; 50 &#8211; 60 &#8211; 80 and 100 cm. -Ref. 121320 &#8211; 121330 &#8211; 121340 &#8211; 121350 &#8211; 121360 &#8211; 121380 &#8211; 121400 In 4 mm.: Lenght: 30 &#8211; 60 &#8211; 80 &#8211; 100 &#8211; 120 and 150 cm. -Ref. 121530 &#8211; 121560 &#8211; 131580 (SMOKE [&hellip;]<\/p>\n","protected":false},"featured_media":11753,"template":"","meta":[],"product_cat":[213,185,182,212],"product_tag":[],"yoast_head":"<!-- This site is optimized with the Yoast SEO plugin v19.4 - https:\/\/yoast.com\/wordpress\/plugins\/seo\/ -->\n<title>J. Domingo Ferrer SLU - M\u00e1s de 75 a\u00f1os de experiencia en el sector de las papeler\u00edas<\/title>\n<meta name=\"description\" content=\"Especializados desde 1944 en la fabricaci\u00f3n y comercializaci\u00f3n de art\u00edculos de dibujo escolar y t\u00e9cnico, productos para oficina y m\u00e9todos de aprendizaje infantil.\" \/>\n<meta name=\"robots\" content=\"index, follow, max-snippet:-1, max-image-preview:large, max-video-preview:-1\" \/>\n<link rel=\"canonical\" href=\"https:\/\/dfh.es\/en\/producto\/graduated-rulers-in-transparent-acrylate-sheet-dimensional-stability-against-deformation-and-expansion-division-in-mms-by-mechanically-engraving-high-precision\/\" \/>\n<meta property=\"og:locale\" content=\"en_US\" \/>\n<meta property=\"og:type\" content=\"article\" \/>\n<meta property=\"og:title\" content=\"J. Domingo Ferrer SLU - M\u00e1s de 75 a\u00f1os de experiencia en el sector de las papeler\u00edas\" \/>\n<meta property=\"og:description\" content=\"Especializados desde 1944 en la fabricaci\u00f3n y comercializaci\u00f3n de art\u00edculos de dibujo escolar y t\u00e9cnico, productos para oficina y m\u00e9todos de aprendizaje infantil.\" \/>\n<meta property=\"og:url\" content=\"https:\/\/dfh.es\/en\/producto\/graduated-rulers-in-transparent-acrylate-sheet-dimensional-stability-against-deformation-and-expansion-division-in-mms-by-mechanically-engraving-high-precision\/\" \/>\n<meta property=\"og:site_name\" content=\"Domingo Ferrer\" \/>\n<meta property=\"article:modified_time\" content=\"2022-01-25T12:21:16+00:00\" \/>\n<meta property=\"og:image\" content=\"https:\/\/dfh.es\/wp-content\/uploads\/2020\/07\/121320_.jpg\" \/>\n\t<meta property=\"og:image:width\" content=\"1280\" \/>\n\t<meta property=\"og:image:height\" content=\"855\" \/>\n\t<meta property=\"og:image:type\" content=\"image\/jpeg\" \/>\n<meta name=\"twitter:card\" content=\"summary_large_image\" \/>\n<script type=\"application\/ld+json\" class=\"yoast-schema-graph\">{\"@context\":\"https:\/\/schema.org\",\"@graph\":[{\"@type\":\"Organization\",\"@id\":\"https:\/\/dfh.es\/#organization\",\"name\":\"J. Domingo Ferrer SLU\",\"url\":\"https:\/\/dfh.es\/\",\"sameAs\":[],\"logo\":{\"@type\":\"ImageObject\",\"inLanguage\":\"en-US\",\"@id\":\"https:\/\/dfh.es\/#\/schema\/logo\/image\/\",\"url\":\"https:\/\/dfh.es\/wp-content\/uploads\/2018\/08\/JDFSLU-mitja-scaled.jpg\",\"contentUrl\":\"https:\/\/dfh.es\/wp-content\/uploads\/2018\/08\/JDFSLU-mitja-scaled.jpg\",\"width\":2560,\"height\":346,\"caption\":\"J. Domingo Ferrer SLU\"},\"image\":{\"@id\":\"https:\/\/dfh.es\/#\/schema\/logo\/image\/\"}},{\"@type\":\"WebSite\",\"@id\":\"https:\/\/dfh.es\/#website\",\"url\":\"https:\/\/dfh.es\/\",\"name\":\"Domingo Ferrer\",\"description\":\"M\u00e1s de 75 a\u00f1os de experiencia en el sector de las papeler\u00edas\",\"publisher\":{\"@id\":\"https:\/\/dfh.es\/#organization\"},\"potentialAction\":[{\"@type\":\"SearchAction\",\"target\":{\"@type\":\"EntryPoint\",\"urlTemplate\":\"https:\/\/dfh.es\/?s={search_term_string}\"},\"query-input\":\"required name=search_term_string\"}],\"inLanguage\":\"en-US\"},{\"@type\":\"WebPage\",\"@id\":\"https:\/\/dfh.es\/en\/producto\/graduated-rulers-in-transparent-acrylate-sheet-dimensional-stability-against-deformation-and-expansion-division-in-mms-by-mechanically-engraving-high-precision\/\",\"url\":\"https:\/\/dfh.es\/en\/producto\/graduated-rulers-in-transparent-acrylate-sheet-dimensional-stability-against-deformation-and-expansion-division-in-mms-by-mechanically-engraving-high-precision\/\",\"name\":\"J. Domingo Ferrer SLU - M\u00e1s de 75 a\u00f1os de experiencia en el sector de las papeler\u00edas\",\"isPartOf\":{\"@id\":\"https:\/\/dfh.es\/#website\"},\"datePublished\":\"2022-01-24T16:48:58+00:00\",\"dateModified\":\"2022-01-25T12:21:16+00:00\",\"description\":\"Especializados desde 1944 en la fabricaci\u00f3n y comercializaci\u00f3n de art\u00edculos de dibujo escolar y t\u00e9cnico, productos para oficina y m\u00e9todos de aprendizaje infantil.\",\"breadcrumb\":{\"@id\":\"https:\/\/dfh.es\/en\/producto\/graduated-rulers-in-transparent-acrylate-sheet-dimensional-stability-against-deformation-and-expansion-division-in-mms-by-mechanically-engraving-high-precision\/#breadcrumb\"},\"inLanguage\":\"en-US\",\"potentialAction\":[{\"@type\":\"ReadAction\",\"target\":[\"https:\/\/dfh.es\/en\/producto\/graduated-rulers-in-transparent-acrylate-sheet-dimensional-stability-against-deformation-and-expansion-division-in-mms-by-mechanically-engraving-high-precision\/\"]}]},{\"@type\":\"BreadcrumbList\",\"@id\":\"https:\/\/dfh.es\/en\/producto\/graduated-rulers-in-transparent-acrylate-sheet-dimensional-stability-against-deformation-and-expansion-division-in-mms-by-mechanically-engraving-high-precision\/#breadcrumb\",\"itemListElement\":[{\"@type\":\"ListItem\",\"position\":1,\"name\":\"Portada\",\"item\":\"https:\/\/dfh.es\/en\/\"},{\"@type\":\"ListItem\",\"position\":2,\"name\":\"Shop\",\"item\":\"https:\/\/dfh.es\/en\/shop\/\"},{\"@type\":\"ListItem\",\"position\":3,\"name\":\"GRADUATED RULERS DFH-CRISTAL.\"}]}]}<\/script>\n<!-- \/ Yoast SEO plugin. -->","yoast_head_json":{"title":"J. Domingo Ferrer SLU - M\u00e1s de 75 a\u00f1os de experiencia en el sector de las papeler\u00edas","description":"Especializados desde 1944 en la fabricaci\u00f3n y comercializaci\u00f3n de art\u00edculos de dibujo escolar y t\u00e9cnico, productos para oficina y m\u00e9todos de aprendizaje infantil.","robots":{"index":"index","follow":"follow","max-snippet":"max-snippet:-1","max-image-preview":"max-image-preview:large","max-video-preview":"max-video-preview:-1"},"canonical":"https:\/\/dfh.es\/en\/producto\/graduated-rulers-in-transparent-acrylate-sheet-dimensional-stability-against-deformation-and-expansion-division-in-mms-by-mechanically-engraving-high-precision\/","og_locale":"en_US","og_type":"article","og_title":"J. Domingo Ferrer SLU - M\u00e1s de 75 a\u00f1os de experiencia en el sector de las papeler\u00edas","og_description":"Especializados desde 1944 en la fabricaci\u00f3n y comercializaci\u00f3n de art\u00edculos de dibujo escolar y t\u00e9cnico, productos para oficina y m\u00e9todos de aprendizaje infantil.","og_url":"https:\/\/dfh.es\/en\/producto\/graduated-rulers-in-transparent-acrylate-sheet-dimensional-stability-against-deformation-and-expansion-division-in-mms-by-mechanically-engraving-high-precision\/","og_site_name":"Domingo Ferrer","article_modified_time":"2022-01-25T12:21:16+00:00","og_image":[{"width":1280,"height":855,"url":"https:\/\/dfh.es\/wp-content\/uploads\/2020\/07\/121320_.jpg","type":"image\/jpeg"}],"twitter_card":"summary_large_image","schema":{"@context":"https:\/\/schema.org","@graph":[{"@type":"Organization","@id":"https:\/\/dfh.es\/#organization","name":"J. Domingo Ferrer SLU","url":"https:\/\/dfh.es\/","sameAs":[],"logo":{"@type":"ImageObject","inLanguage":"en-US","@id":"https:\/\/dfh.es\/#\/schema\/logo\/image\/","url":"https:\/\/dfh.es\/wp-content\/uploads\/2018\/08\/JDFSLU-mitja-scaled.jpg","contentUrl":"https:\/\/dfh.es\/wp-content\/uploads\/2018\/08\/JDFSLU-mitja-scaled.jpg","width":2560,"height":346,"caption":"J. Domingo Ferrer SLU"},"image":{"@id":"https:\/\/dfh.es\/#\/schema\/logo\/image\/"}},{"@type":"WebSite","@id":"https:\/\/dfh.es\/#website","url":"https:\/\/dfh.es\/","name":"Domingo Ferrer","description":"M\u00e1s de 75 a\u00f1os de experiencia en el sector de las papeler\u00edas","publisher":{"@id":"https:\/\/dfh.es\/#organization"},"potentialAction":[{"@type":"SearchAction","target":{"@type":"EntryPoint","urlTemplate":"https:\/\/dfh.es\/?s={search_term_string}"},"query-input":"required name=search_term_string"}],"inLanguage":"en-US"},{"@type":"WebPage","@id":"https:\/\/dfh.es\/en\/producto\/graduated-rulers-in-transparent-acrylate-sheet-dimensional-stability-against-deformation-and-expansion-division-in-mms-by-mechanically-engraving-high-precision\/","url":"https:\/\/dfh.es\/en\/producto\/graduated-rulers-in-transparent-acrylate-sheet-dimensional-stability-against-deformation-and-expansion-division-in-mms-by-mechanically-engraving-high-precision\/","name":"J. Domingo Ferrer SLU - M\u00e1s de 75 a\u00f1os de experiencia en el sector de las papeler\u00edas","isPartOf":{"@id":"https:\/\/dfh.es\/#website"},"datePublished":"2022-01-24T16:48:58+00:00","dateModified":"2022-01-25T12:21:16+00:00","description":"Especializados desde 1944 en la fabricaci\u00f3n y comercializaci\u00f3n de art\u00edculos de dibujo escolar y t\u00e9cnico, productos para oficina y m\u00e9todos de aprendizaje infantil.","breadcrumb":{"@id":"https:\/\/dfh.es\/en\/producto\/graduated-rulers-in-transparent-acrylate-sheet-dimensional-stability-against-deformation-and-expansion-division-in-mms-by-mechanically-engraving-high-precision\/#breadcrumb"},"inLanguage":"en-US","potentialAction":[{"@type":"ReadAction","target":["https:\/\/dfh.es\/en\/producto\/graduated-rulers-in-transparent-acrylate-sheet-dimensional-stability-against-deformation-and-expansion-division-in-mms-by-mechanically-engraving-high-precision\/"]}]},{"@type":"BreadcrumbList","@id":"https:\/\/dfh.es\/en\/producto\/graduated-rulers-in-transparent-acrylate-sheet-dimensional-stability-against-deformation-and-expansion-division-in-mms-by-mechanically-engraving-high-precision\/#breadcrumb","itemListElement":[{"@type":"ListItem","position":1,"name":"Portada","item":"https:\/\/dfh.es\/en\/"},{"@type":"ListItem","position":2,"name":"Shop","item":"https:\/\/dfh.es\/en\/shop\/"},{"@type":"ListItem","position":3,"name":"GRADUATED RULERS DFH-CRISTAL."}]}]}},"_links":{"self":[{"href":"https:\/\/dfh.es\/en\/wp-json\/wp\/v2\/product\/11969"}],"collection":[{"href":"https:\/\/dfh.es\/en\/wp-json\/wp\/v2\/product"}],"about":[{"href":"https:\/\/dfh.es\/en\/wp-json\/wp\/v2\/types\/product"}],"wp:featuredmedia":[{"embeddable":true,"href":"https:\/\/dfh.es\/en\/wp-json\/wp\/v2\/media\/11753"}],"wp:attachment":[{"href":"https:\/\/dfh.es\/en\/wp-json\/wp\/v2\/media?parent=11969"}],"wp:term":[{"taxonomy":"product_cat","embeddable":true,"href":"https:\/\/dfh.es\/en\/wp-json\/wp\/v2\/product_cat?post=11969"},{"taxonomy":"product_tag","embeddable":true,"href":"https:\/\/dfh.es\/en\/wp-json\/wp\/v2\/product_tag?post=11969"}],"curies":[{"name":"wp","href":"https:\/\/api.w.org\/{rel}","templated":true}]}}