{"id":11929,"date":"2021-07-26T15:01:47","date_gmt":"2022-01-19T12:51:09","guid":{"rendered":"https:\/\/dfh.es\/producto\/triangular-scale-30-cm-with-6-scales-with-colour-lines-for-a-correct-identification\/"},"modified":"2022-02-02T15:35:13","modified_gmt":"2022-02-02T15:35:13","slug":"triangular-scale-30-cm","status":"publish","type":"product","link":"https:\/\/dfh.es\/en\/producto\/triangular-scale-30-cm\/","title":{"rendered":"TRIANGULAR SCALE 30 cm. WITH 6 SCALES WITH COLOUR LINES FOR A CORRECT IDENTIFICATION"},"content":{"rendered":"<ul>\n<li>3 DIFFERENT OPTIONS: 271131 (1:20-1:25-1:50-1:75-1:100-1:125) 271132 (1:100-1:200-1:250-1:300-1:400-1:500) 271133 (1:20-1:25-1:331\/3- 1:50-1:75-1:100)<\/li>\n<li>References: 271131 \/ 271132 \/ 271133<\/li>\n<\/ul>\n","protected":false},"excerpt":{"rendered":"<p>3 DIFFERENT OPTIONS: 271131 (1:20-1:25-1:50-1:75-1:100-1:125) 271132 (1:100-1:200-1:250-1:300-1:400-1:500) 271133 (1:20-1:25-1:331\/3- 1:50-1:75-1:100) References: 271131 \/ 271132 \/ 271133<\/p>\n","protected":false},"featured_media":11804,"template":"","meta":[],"product_cat":[182,192,191],"product_tag":[],"yoast_head":"<!-- This site is optimized with the Yoast SEO plugin v19.4 - https:\/\/yoast.com\/wordpress\/plugins\/seo\/ -->\n<title>J. Domingo Ferrer SLU - M\u00e1s de 75 a\u00f1os de experiencia en el sector de las papeler\u00edas<\/title>\n<meta name=\"description\" content=\"Especializados desde 1944 en la fabricaci\u00f3n y comercializaci\u00f3n de art\u00edculos de dibujo escolar y t\u00e9cnico, productos para oficina y m\u00e9todos de aprendizaje infantil.\" \/>\n<meta name=\"robots\" content=\"index, follow, max-snippet:-1, max-image-preview:large, max-video-preview:-1\" \/>\n<link rel=\"canonical\" href=\"https:\/\/dfh.es\/en\/producto\/triangular-scale-30-cm\/\" \/>\n<meta property=\"og:locale\" content=\"en_US\" \/>\n<meta property=\"og:type\" content=\"article\" \/>\n<meta property=\"og:title\" content=\"J. Domingo Ferrer SLU - M\u00e1s de 75 a\u00f1os de experiencia en el sector de las papeler\u00edas\" \/>\n<meta property=\"og:description\" content=\"Especializados desde 1944 en la fabricaci\u00f3n y comercializaci\u00f3n de art\u00edculos de dibujo escolar y t\u00e9cnico, productos para oficina y m\u00e9todos de aprendizaje infantil.\" \/>\n<meta property=\"og:url\" content=\"https:\/\/dfh.es\/en\/producto\/triangular-scale-30-cm\/\" \/>\n<meta property=\"og:site_name\" content=\"Domingo Ferrer\" \/>\n<meta property=\"article:modified_time\" content=\"2022-02-02T15:35:13+00:00\" \/>\n<meta property=\"og:image\" content=\"https:\/\/dfh.es\/wp-content\/uploads\/2021\/07\/271131_.jpg\" \/>\n\t<meta property=\"og:image:width\" content=\"1280\" \/>\n\t<meta property=\"og:image:height\" content=\"855\" \/>\n\t<meta property=\"og:image:type\" content=\"image\/jpeg\" \/>\n<meta name=\"twitter:card\" content=\"summary_large_image\" \/>\n<script type=\"application\/ld+json\" class=\"yoast-schema-graph\">{\"@context\":\"https:\/\/schema.org\",\"@graph\":[{\"@type\":\"Organization\",\"@id\":\"https:\/\/dfh.es\/#organization\",\"name\":\"J. Domingo Ferrer SLU\",\"url\":\"https:\/\/dfh.es\/\",\"sameAs\":[],\"logo\":{\"@type\":\"ImageObject\",\"inLanguage\":\"en-US\",\"@id\":\"https:\/\/dfh.es\/#\/schema\/logo\/image\/\",\"url\":\"https:\/\/dfh.es\/wp-content\/uploads\/2018\/08\/JDFSLU-mitja-scaled.jpg\",\"contentUrl\":\"https:\/\/dfh.es\/wp-content\/uploads\/2018\/08\/JDFSLU-mitja-scaled.jpg\",\"width\":2560,\"height\":346,\"caption\":\"J. Domingo Ferrer SLU\"},\"image\":{\"@id\":\"https:\/\/dfh.es\/#\/schema\/logo\/image\/\"}},{\"@type\":\"WebSite\",\"@id\":\"https:\/\/dfh.es\/#website\",\"url\":\"https:\/\/dfh.es\/\",\"name\":\"Domingo Ferrer\",\"description\":\"M\u00e1s de 75 a\u00f1os de experiencia en el sector de las papeler\u00edas\",\"publisher\":{\"@id\":\"https:\/\/dfh.es\/#organization\"},\"potentialAction\":[{\"@type\":\"SearchAction\",\"target\":{\"@type\":\"EntryPoint\",\"urlTemplate\":\"https:\/\/dfh.es\/?s={search_term_string}\"},\"query-input\":\"required name=search_term_string\"}],\"inLanguage\":\"en-US\"},{\"@type\":\"WebPage\",\"@id\":\"https:\/\/dfh.es\/en\/producto\/triangular-scale-30-cm\/\",\"url\":\"https:\/\/dfh.es\/en\/producto\/triangular-scale-30-cm\/\",\"name\":\"J. Domingo Ferrer SLU - M\u00e1s de 75 a\u00f1os de experiencia en el sector de las papeler\u00edas\",\"isPartOf\":{\"@id\":\"https:\/\/dfh.es\/#website\"},\"datePublished\":\"2022-01-19T12:51:09+00:00\",\"dateModified\":\"2022-02-02T15:35:13+00:00\",\"description\":\"Especializados desde 1944 en la fabricaci\u00f3n y comercializaci\u00f3n de art\u00edculos de dibujo escolar y t\u00e9cnico, productos para oficina y m\u00e9todos de aprendizaje infantil.\",\"breadcrumb\":{\"@id\":\"https:\/\/dfh.es\/en\/producto\/triangular-scale-30-cm\/#breadcrumb\"},\"inLanguage\":\"en-US\",\"potentialAction\":[{\"@type\":\"ReadAction\",\"target\":[\"https:\/\/dfh.es\/en\/producto\/triangular-scale-30-cm\/\"]}]},{\"@type\":\"BreadcrumbList\",\"@id\":\"https:\/\/dfh.es\/en\/producto\/triangular-scale-30-cm\/#breadcrumb\",\"itemListElement\":[{\"@type\":\"ListItem\",\"position\":1,\"name\":\"Portada\",\"item\":\"https:\/\/dfh.es\/en\/\"},{\"@type\":\"ListItem\",\"position\":2,\"name\":\"Shop\",\"item\":\"https:\/\/dfh.es\/en\/shop\/\"},{\"@type\":\"ListItem\",\"position\":3,\"name\":\"TRIANGULAR SCALE 30 cm. WITH 6 SCALES WITH COLOUR LINES FOR A CORRECT IDENTIFICATION\"}]}]}<\/script>\n<!-- \/ Yoast SEO plugin. -->","yoast_head_json":{"title":"J. Domingo Ferrer SLU - M\u00e1s de 75 a\u00f1os de experiencia en el sector de las papeler\u00edas","description":"Especializados desde 1944 en la fabricaci\u00f3n y comercializaci\u00f3n de art\u00edculos de dibujo escolar y t\u00e9cnico, productos para oficina y m\u00e9todos de aprendizaje infantil.","robots":{"index":"index","follow":"follow","max-snippet":"max-snippet:-1","max-image-preview":"max-image-preview:large","max-video-preview":"max-video-preview:-1"},"canonical":"https:\/\/dfh.es\/en\/producto\/triangular-scale-30-cm\/","og_locale":"en_US","og_type":"article","og_title":"J. Domingo Ferrer SLU - M\u00e1s de 75 a\u00f1os de experiencia en el sector de las papeler\u00edas","og_description":"Especializados desde 1944 en la fabricaci\u00f3n y comercializaci\u00f3n de art\u00edculos de dibujo escolar y t\u00e9cnico, productos para oficina y m\u00e9todos de aprendizaje infantil.","og_url":"https:\/\/dfh.es\/en\/producto\/triangular-scale-30-cm\/","og_site_name":"Domingo Ferrer","article_modified_time":"2022-02-02T15:35:13+00:00","og_image":[{"width":1280,"height":855,"url":"https:\/\/dfh.es\/wp-content\/uploads\/2021\/07\/271131_.jpg","type":"image\/jpeg"}],"twitter_card":"summary_large_image","schema":{"@context":"https:\/\/schema.org","@graph":[{"@type":"Organization","@id":"https:\/\/dfh.es\/#organization","name":"J. Domingo Ferrer SLU","url":"https:\/\/dfh.es\/","sameAs":[],"logo":{"@type":"ImageObject","inLanguage":"en-US","@id":"https:\/\/dfh.es\/#\/schema\/logo\/image\/","url":"https:\/\/dfh.es\/wp-content\/uploads\/2018\/08\/JDFSLU-mitja-scaled.jpg","contentUrl":"https:\/\/dfh.es\/wp-content\/uploads\/2018\/08\/JDFSLU-mitja-scaled.jpg","width":2560,"height":346,"caption":"J. Domingo Ferrer SLU"},"image":{"@id":"https:\/\/dfh.es\/#\/schema\/logo\/image\/"}},{"@type":"WebSite","@id":"https:\/\/dfh.es\/#website","url":"https:\/\/dfh.es\/","name":"Domingo Ferrer","description":"M\u00e1s de 75 a\u00f1os de experiencia en el sector de las papeler\u00edas","publisher":{"@id":"https:\/\/dfh.es\/#organization"},"potentialAction":[{"@type":"SearchAction","target":{"@type":"EntryPoint","urlTemplate":"https:\/\/dfh.es\/?s={search_term_string}"},"query-input":"required name=search_term_string"}],"inLanguage":"en-US"},{"@type":"WebPage","@id":"https:\/\/dfh.es\/en\/producto\/triangular-scale-30-cm\/","url":"https:\/\/dfh.es\/en\/producto\/triangular-scale-30-cm\/","name":"J. Domingo Ferrer SLU - M\u00e1s de 75 a\u00f1os de experiencia en el sector de las papeler\u00edas","isPartOf":{"@id":"https:\/\/dfh.es\/#website"},"datePublished":"2022-01-19T12:51:09+00:00","dateModified":"2022-02-02T15:35:13+00:00","description":"Especializados desde 1944 en la fabricaci\u00f3n y comercializaci\u00f3n de art\u00edculos de dibujo escolar y t\u00e9cnico, productos para oficina y m\u00e9todos de aprendizaje infantil.","breadcrumb":{"@id":"https:\/\/dfh.es\/en\/producto\/triangular-scale-30-cm\/#breadcrumb"},"inLanguage":"en-US","potentialAction":[{"@type":"ReadAction","target":["https:\/\/dfh.es\/en\/producto\/triangular-scale-30-cm\/"]}]},{"@type":"BreadcrumbList","@id":"https:\/\/dfh.es\/en\/producto\/triangular-scale-30-cm\/#breadcrumb","itemListElement":[{"@type":"ListItem","position":1,"name":"Portada","item":"https:\/\/dfh.es\/en\/"},{"@type":"ListItem","position":2,"name":"Shop","item":"https:\/\/dfh.es\/en\/shop\/"},{"@type":"ListItem","position":3,"name":"TRIANGULAR SCALE 30 cm. WITH 6 SCALES WITH COLOUR LINES FOR A CORRECT IDENTIFICATION"}]}]}},"_links":{"self":[{"href":"https:\/\/dfh.es\/en\/wp-json\/wp\/v2\/product\/11929"}],"collection":[{"href":"https:\/\/dfh.es\/en\/wp-json\/wp\/v2\/product"}],"about":[{"href":"https:\/\/dfh.es\/en\/wp-json\/wp\/v2\/types\/product"}],"wp:featuredmedia":[{"embeddable":true,"href":"https:\/\/dfh.es\/en\/wp-json\/wp\/v2\/media\/11804"}],"wp:attachment":[{"href":"https:\/\/dfh.es\/en\/wp-json\/wp\/v2\/media?parent=11929"}],"wp:term":[{"taxonomy":"product_cat","embeddable":true,"href":"https:\/\/dfh.es\/en\/wp-json\/wp\/v2\/product_cat?post=11929"},{"taxonomy":"product_tag","embeddable":true,"href":"https:\/\/dfh.es\/en\/wp-json\/wp\/v2\/product_tag?post=11929"}],"curies":[{"name":"wp","href":"https:\/\/api.w.org\/{rel}","templated":true}]}}