{"id":11909,"date":"2021-09-14T17:46:15","date_gmt":"2022-01-13T16:34:34","guid":{"rendered":"https:\/\/dfh.es\/producto\/graduated-rulers-dfh-cristal-lenght-20cm-30cm-40cm-50cm-60cm-80cm-100cm-120cm-150cm-2-o-4-mm\/"},"modified":"2022-01-17T16:13:31","modified_gmt":"2022-01-17T16:13:31","slug":"graduated-rulers-dfh-cristal-lenght-20cm-30cm-40cm-50cm-60cm-80cm-100cm-120cm-150cm-2-or-4-mm","status":"publish","type":"product","link":"https:\/\/dfh.es\/en\/producto\/graduated-rulers-dfh-cristal-lenght-20cm-30cm-40cm-50cm-60cm-80cm-100cm-120cm-150cm-2-or-4-mm\/","title":{"rendered":"GRADUATED RULERS DFH-CRISTAL. LENGHT: 20cm.\/30cm.\/40cm.\/50cm.\/60cm.\/80cm.\/100cm.\/120cm.\/150cm. (2 \u00f3 4 mm.)"},"content":{"rendered":"<ul>\n<li>References: 121320 \/ 121330 \/ 121340 \/ 121350 \/ 121360 \/ 121380 \/ 121400 \/ 121530 \/ 121560 \/ 131580 \/ 121600 \/ 121602 \/ 121605<\/li>\n<\/ul>\n","protected":false},"excerpt":{"rendered":"<p>References: 121320 \/ 121330 \/ 121340 \/ 121350 \/ 121360 \/ 121380 \/ 121400 \/ 121530 \/ 121560 \/ 131580 \/ 121600 \/ 121602 \/ 121605<\/p>\n","protected":false},"featured_media":11836,"template":"","meta":[],"product_cat":[185,186,187,182],"product_tag":[],"yoast_head":"<!-- This site is optimized with the Yoast SEO plugin v19.4 - https:\/\/yoast.com\/wordpress\/plugins\/seo\/ -->\n<title>J. Domingo Ferrer SLU - M\u00e1s de 75 a\u00f1os de experiencia en el sector de las papeler\u00edas<\/title>\n<meta name=\"description\" content=\"Especializados desde 1944 en la fabricaci\u00f3n y comercializaci\u00f3n de art\u00edculos de dibujo escolar y t\u00e9cnico, productos para oficina y m\u00e9todos de aprendizaje infantil.\" \/>\n<meta name=\"robots\" content=\"index, follow, max-snippet:-1, max-image-preview:large, max-video-preview:-1\" \/>\n<link rel=\"canonical\" href=\"https:\/\/dfh.es\/en\/producto\/graduated-rulers-dfh-cristal-lenght-20cm-30cm-40cm-50cm-60cm-80cm-100cm-120cm-150cm-2-or-4-mm\/\" \/>\n<meta property=\"og:locale\" content=\"en_US\" \/>\n<meta property=\"og:type\" content=\"article\" \/>\n<meta property=\"og:title\" content=\"J. Domingo Ferrer SLU - M\u00e1s de 75 a\u00f1os de experiencia en el sector de las papeler\u00edas\" \/>\n<meta property=\"og:description\" content=\"Especializados desde 1944 en la fabricaci\u00f3n y comercializaci\u00f3n de art\u00edculos de dibujo escolar y t\u00e9cnico, productos para oficina y m\u00e9todos de aprendizaje infantil.\" \/>\n<meta property=\"og:url\" content=\"https:\/\/dfh.es\/en\/producto\/graduated-rulers-dfh-cristal-lenght-20cm-30cm-40cm-50cm-60cm-80cm-100cm-120cm-150cm-2-or-4-mm\/\" \/>\n<meta property=\"og:site_name\" content=\"Domingo Ferrer\" \/>\n<meta property=\"article:modified_time\" content=\"2022-01-17T16:13:31+00:00\" \/>\n<meta property=\"og:image\" content=\"https:\/\/dfh.es\/wp-content\/uploads\/2021\/09\/121320_.jpg\" \/>\n\t<meta property=\"og:image:width\" content=\"1280\" \/>\n\t<meta property=\"og:image:height\" content=\"855\" \/>\n\t<meta property=\"og:image:type\" content=\"image\/jpeg\" \/>\n<meta name=\"twitter:card\" content=\"summary_large_image\" \/>\n<script type=\"application\/ld+json\" class=\"yoast-schema-graph\">{\"@context\":\"https:\/\/schema.org\",\"@graph\":[{\"@type\":\"Organization\",\"@id\":\"https:\/\/dfh.es\/#organization\",\"name\":\"J. Domingo Ferrer SLU\",\"url\":\"https:\/\/dfh.es\/\",\"sameAs\":[],\"logo\":{\"@type\":\"ImageObject\",\"inLanguage\":\"en-US\",\"@id\":\"https:\/\/dfh.es\/#\/schema\/logo\/image\/\",\"url\":\"https:\/\/dfh.es\/wp-content\/uploads\/2018\/08\/JDFSLU-mitja-scaled.jpg\",\"contentUrl\":\"https:\/\/dfh.es\/wp-content\/uploads\/2018\/08\/JDFSLU-mitja-scaled.jpg\",\"width\":2560,\"height\":346,\"caption\":\"J. Domingo Ferrer SLU\"},\"image\":{\"@id\":\"https:\/\/dfh.es\/#\/schema\/logo\/image\/\"}},{\"@type\":\"WebSite\",\"@id\":\"https:\/\/dfh.es\/#website\",\"url\":\"https:\/\/dfh.es\/\",\"name\":\"Domingo Ferrer\",\"description\":\"M\u00e1s de 75 a\u00f1os de experiencia en el sector de las papeler\u00edas\",\"publisher\":{\"@id\":\"https:\/\/dfh.es\/#organization\"},\"potentialAction\":[{\"@type\":\"SearchAction\",\"target\":{\"@type\":\"EntryPoint\",\"urlTemplate\":\"https:\/\/dfh.es\/?s={search_term_string}\"},\"query-input\":\"required name=search_term_string\"}],\"inLanguage\":\"en-US\"},{\"@type\":\"WebPage\",\"@id\":\"https:\/\/dfh.es\/en\/producto\/graduated-rulers-dfh-cristal-lenght-20cm-30cm-40cm-50cm-60cm-80cm-100cm-120cm-150cm-2-or-4-mm\/\",\"url\":\"https:\/\/dfh.es\/en\/producto\/graduated-rulers-dfh-cristal-lenght-20cm-30cm-40cm-50cm-60cm-80cm-100cm-120cm-150cm-2-or-4-mm\/\",\"name\":\"J. Domingo Ferrer SLU - M\u00e1s de 75 a\u00f1os de experiencia en el sector de las papeler\u00edas\",\"isPartOf\":{\"@id\":\"https:\/\/dfh.es\/#website\"},\"datePublished\":\"2022-01-13T16:34:34+00:00\",\"dateModified\":\"2022-01-17T16:13:31+00:00\",\"description\":\"Especializados desde 1944 en la fabricaci\u00f3n y comercializaci\u00f3n de art\u00edculos de dibujo escolar y t\u00e9cnico, productos para oficina y m\u00e9todos de aprendizaje infantil.\",\"breadcrumb\":{\"@id\":\"https:\/\/dfh.es\/en\/producto\/graduated-rulers-dfh-cristal-lenght-20cm-30cm-40cm-50cm-60cm-80cm-100cm-120cm-150cm-2-or-4-mm\/#breadcrumb\"},\"inLanguage\":\"en-US\",\"potentialAction\":[{\"@type\":\"ReadAction\",\"target\":[\"https:\/\/dfh.es\/en\/producto\/graduated-rulers-dfh-cristal-lenght-20cm-30cm-40cm-50cm-60cm-80cm-100cm-120cm-150cm-2-or-4-mm\/\"]}]},{\"@type\":\"BreadcrumbList\",\"@id\":\"https:\/\/dfh.es\/en\/producto\/graduated-rulers-dfh-cristal-lenght-20cm-30cm-40cm-50cm-60cm-80cm-100cm-120cm-150cm-2-or-4-mm\/#breadcrumb\",\"itemListElement\":[{\"@type\":\"ListItem\",\"position\":1,\"name\":\"Portada\",\"item\":\"https:\/\/dfh.es\/en\/\"},{\"@type\":\"ListItem\",\"position\":2,\"name\":\"Shop\",\"item\":\"https:\/\/dfh.es\/en\/shop\/\"},{\"@type\":\"ListItem\",\"position\":3,\"name\":\"GRADUATED RULERS DFH-CRISTAL. LENGHT: 20cm.\/30cm.\/40cm.\/50cm.\/60cm.\/80cm.\/100cm.\/120cm.\/150cm. (2 \u00f3 4 mm.)\"}]}]}<\/script>\n<!-- \/ Yoast SEO plugin. -->","yoast_head_json":{"title":"J. Domingo Ferrer SLU - M\u00e1s de 75 a\u00f1os de experiencia en el sector de las papeler\u00edas","description":"Especializados desde 1944 en la fabricaci\u00f3n y comercializaci\u00f3n de art\u00edculos de dibujo escolar y t\u00e9cnico, productos para oficina y m\u00e9todos de aprendizaje infantil.","robots":{"index":"index","follow":"follow","max-snippet":"max-snippet:-1","max-image-preview":"max-image-preview:large","max-video-preview":"max-video-preview:-1"},"canonical":"https:\/\/dfh.es\/en\/producto\/graduated-rulers-dfh-cristal-lenght-20cm-30cm-40cm-50cm-60cm-80cm-100cm-120cm-150cm-2-or-4-mm\/","og_locale":"en_US","og_type":"article","og_title":"J. Domingo Ferrer SLU - M\u00e1s de 75 a\u00f1os de experiencia en el sector de las papeler\u00edas","og_description":"Especializados desde 1944 en la fabricaci\u00f3n y comercializaci\u00f3n de art\u00edculos de dibujo escolar y t\u00e9cnico, productos para oficina y m\u00e9todos de aprendizaje infantil.","og_url":"https:\/\/dfh.es\/en\/producto\/graduated-rulers-dfh-cristal-lenght-20cm-30cm-40cm-50cm-60cm-80cm-100cm-120cm-150cm-2-or-4-mm\/","og_site_name":"Domingo Ferrer","article_modified_time":"2022-01-17T16:13:31+00:00","og_image":[{"width":1280,"height":855,"url":"https:\/\/dfh.es\/wp-content\/uploads\/2021\/09\/121320_.jpg","type":"image\/jpeg"}],"twitter_card":"summary_large_image","schema":{"@context":"https:\/\/schema.org","@graph":[{"@type":"Organization","@id":"https:\/\/dfh.es\/#organization","name":"J. Domingo Ferrer SLU","url":"https:\/\/dfh.es\/","sameAs":[],"logo":{"@type":"ImageObject","inLanguage":"en-US","@id":"https:\/\/dfh.es\/#\/schema\/logo\/image\/","url":"https:\/\/dfh.es\/wp-content\/uploads\/2018\/08\/JDFSLU-mitja-scaled.jpg","contentUrl":"https:\/\/dfh.es\/wp-content\/uploads\/2018\/08\/JDFSLU-mitja-scaled.jpg","width":2560,"height":346,"caption":"J. Domingo Ferrer SLU"},"image":{"@id":"https:\/\/dfh.es\/#\/schema\/logo\/image\/"}},{"@type":"WebSite","@id":"https:\/\/dfh.es\/#website","url":"https:\/\/dfh.es\/","name":"Domingo Ferrer","description":"M\u00e1s de 75 a\u00f1os de experiencia en el sector de las papeler\u00edas","publisher":{"@id":"https:\/\/dfh.es\/#organization"},"potentialAction":[{"@type":"SearchAction","target":{"@type":"EntryPoint","urlTemplate":"https:\/\/dfh.es\/?s={search_term_string}"},"query-input":"required name=search_term_string"}],"inLanguage":"en-US"},{"@type":"WebPage","@id":"https:\/\/dfh.es\/en\/producto\/graduated-rulers-dfh-cristal-lenght-20cm-30cm-40cm-50cm-60cm-80cm-100cm-120cm-150cm-2-or-4-mm\/","url":"https:\/\/dfh.es\/en\/producto\/graduated-rulers-dfh-cristal-lenght-20cm-30cm-40cm-50cm-60cm-80cm-100cm-120cm-150cm-2-or-4-mm\/","name":"J. Domingo Ferrer SLU - M\u00e1s de 75 a\u00f1os de experiencia en el sector de las papeler\u00edas","isPartOf":{"@id":"https:\/\/dfh.es\/#website"},"datePublished":"2022-01-13T16:34:34+00:00","dateModified":"2022-01-17T16:13:31+00:00","description":"Especializados desde 1944 en la fabricaci\u00f3n y comercializaci\u00f3n de art\u00edculos de dibujo escolar y t\u00e9cnico, productos para oficina y m\u00e9todos de aprendizaje infantil.","breadcrumb":{"@id":"https:\/\/dfh.es\/en\/producto\/graduated-rulers-dfh-cristal-lenght-20cm-30cm-40cm-50cm-60cm-80cm-100cm-120cm-150cm-2-or-4-mm\/#breadcrumb"},"inLanguage":"en-US","potentialAction":[{"@type":"ReadAction","target":["https:\/\/dfh.es\/en\/producto\/graduated-rulers-dfh-cristal-lenght-20cm-30cm-40cm-50cm-60cm-80cm-100cm-120cm-150cm-2-or-4-mm\/"]}]},{"@type":"BreadcrumbList","@id":"https:\/\/dfh.es\/en\/producto\/graduated-rulers-dfh-cristal-lenght-20cm-30cm-40cm-50cm-60cm-80cm-100cm-120cm-150cm-2-or-4-mm\/#breadcrumb","itemListElement":[{"@type":"ListItem","position":1,"name":"Portada","item":"https:\/\/dfh.es\/en\/"},{"@type":"ListItem","position":2,"name":"Shop","item":"https:\/\/dfh.es\/en\/shop\/"},{"@type":"ListItem","position":3,"name":"GRADUATED RULERS DFH-CRISTAL. LENGHT: 20cm.\/30cm.\/40cm.\/50cm.\/60cm.\/80cm.\/100cm.\/120cm.\/150cm. (2 \u00f3 4 mm.)"}]}]}},"_links":{"self":[{"href":"https:\/\/dfh.es\/en\/wp-json\/wp\/v2\/product\/11909"}],"collection":[{"href":"https:\/\/dfh.es\/en\/wp-json\/wp\/v2\/product"}],"about":[{"href":"https:\/\/dfh.es\/en\/wp-json\/wp\/v2\/types\/product"}],"wp:featuredmedia":[{"embeddable":true,"href":"https:\/\/dfh.es\/en\/wp-json\/wp\/v2\/media\/11836"}],"wp:attachment":[{"href":"https:\/\/dfh.es\/en\/wp-json\/wp\/v2\/media?parent=11909"}],"wp:term":[{"taxonomy":"product_cat","embeddable":true,"href":"https:\/\/dfh.es\/en\/wp-json\/wp\/v2\/product_cat?post=11909"},{"taxonomy":"product_tag","embeddable":true,"href":"https:\/\/dfh.es\/en\/wp-json\/wp\/v2\/product_tag?post=11909"}],"curies":[{"name":"wp","href":"https:\/\/api.w.org\/{rel}","templated":true}]}}