{"id":11908,"date":"2021-09-14T17:49:10","date_gmt":"2022-01-13T15:55:33","guid":{"rendered":"https:\/\/dfh.es\/producto\/plastic-sharpeners-with-a-deposit-2-os-oval-rectangular-with-cover-triangular-automatic-wedge-rectangular-with-eraser\/"},"modified":"2023-03-16T12:43:48","modified_gmt":"2023-03-16T12:43:48","slug":"plastic-sharpeners-with-a-deposit-of-2-os-oval-rectangular-with-cover-%e2%96%a0-triangular-%e2%96%a0-automatic-wedge-rectangular-with-eraser","status":"publish","type":"product","link":"https:\/\/dfh.es\/en\/producto\/plastic-sharpeners-with-a-deposit-of-2-os-oval-rectangular-with-cover-%e2%96%a0-triangular-%e2%96%a0-automatic-wedge-rectangular-with-eraser\/","title":{"rendered":"PLASTIC SHARPENERS WITH A DEPOSIT. 2 \u00d8s. OVAL \/ TRIANGULAR \/ AUTOMATIC WEDGE \/ RECTANGULAR with eraser"},"content":{"rendered":"<ul>\n<li>References: 604114 \/ 604116 \/ 604117<\/li>\n<\/ul>\n","protected":false},"excerpt":{"rendered":"<p>References: 604114 \/ 604116 \/ 604117<\/p>\n","protected":false},"featured_media":11858,"template":"","meta":[],"product_cat":[184,183,182],"product_tag":[],"yoast_head":"<!-- This site is optimized with the Yoast SEO plugin v19.4 - https:\/\/yoast.com\/wordpress\/plugins\/seo\/ -->\n<title>J. Domingo Ferrer SLU - M\u00e1s de 75 a\u00f1os de experiencia en el sector de las papeler\u00edas<\/title>\n<meta name=\"description\" content=\"Especializados desde 1944 en la fabricaci\u00f3n y comercializaci\u00f3n de art\u00edculos de dibujo escolar y t\u00e9cnico, productos para oficina y m\u00e9todos de aprendizaje infantil.\" \/>\n<meta name=\"robots\" content=\"index, follow, max-snippet:-1, max-image-preview:large, max-video-preview:-1\" \/>\n<link rel=\"canonical\" href=\"https:\/\/dfh.es\/en\/producto\/plastic-sharpeners-with-a-deposit-of-2-os-oval-rectangular-with-cover-\u25a0-triangular-\u25a0-automatic-wedge-rectangular-with-eraser\/\" \/>\n<meta property=\"og:locale\" content=\"en_US\" \/>\n<meta property=\"og:type\" content=\"article\" \/>\n<meta property=\"og:title\" content=\"J. Domingo Ferrer SLU - M\u00e1s de 75 a\u00f1os de experiencia en el sector de las papeler\u00edas\" \/>\n<meta property=\"og:description\" content=\"Especializados desde 1944 en la fabricaci\u00f3n y comercializaci\u00f3n de art\u00edculos de dibujo escolar y t\u00e9cnico, productos para oficina y m\u00e9todos de aprendizaje infantil.\" \/>\n<meta property=\"og:url\" content=\"https:\/\/dfh.es\/en\/producto\/plastic-sharpeners-with-a-deposit-of-2-os-oval-rectangular-with-cover-\u25a0-triangular-\u25a0-automatic-wedge-rectangular-with-eraser\/\" \/>\n<meta property=\"og:site_name\" content=\"Domingo Ferrer\" \/>\n<meta property=\"article:modified_time\" content=\"2023-03-16T12:43:48+00:00\" \/>\n<meta property=\"og:image\" content=\"https:\/\/dfh.es\/wp-content\/uploads\/2021\/09\/604114_.png\" \/>\n\t<meta property=\"og:image:width\" content=\"1280\" \/>\n\t<meta property=\"og:image:height\" content=\"855\" \/>\n\t<meta property=\"og:image:type\" content=\"image\/png\" \/>\n<meta name=\"twitter:card\" content=\"summary_large_image\" \/>\n<script type=\"application\/ld+json\" class=\"yoast-schema-graph\">{\"@context\":\"https:\/\/schema.org\",\"@graph\":[{\"@type\":\"Organization\",\"@id\":\"https:\/\/dfh.es\/#organization\",\"name\":\"J. Domingo Ferrer SLU\",\"url\":\"https:\/\/dfh.es\/\",\"sameAs\":[],\"logo\":{\"@type\":\"ImageObject\",\"inLanguage\":\"en-US\",\"@id\":\"https:\/\/dfh.es\/#\/schema\/logo\/image\/\",\"url\":\"https:\/\/dfh.es\/wp-content\/uploads\/2018\/08\/JDFSLU-mitja-scaled.jpg\",\"contentUrl\":\"https:\/\/dfh.es\/wp-content\/uploads\/2018\/08\/JDFSLU-mitja-scaled.jpg\",\"width\":2560,\"height\":346,\"caption\":\"J. Domingo Ferrer SLU\"},\"image\":{\"@id\":\"https:\/\/dfh.es\/#\/schema\/logo\/image\/\"}},{\"@type\":\"WebSite\",\"@id\":\"https:\/\/dfh.es\/#website\",\"url\":\"https:\/\/dfh.es\/\",\"name\":\"Domingo Ferrer\",\"description\":\"M\u00e1s de 75 a\u00f1os de experiencia en el sector de las papeler\u00edas\",\"publisher\":{\"@id\":\"https:\/\/dfh.es\/#organization\"},\"potentialAction\":[{\"@type\":\"SearchAction\",\"target\":{\"@type\":\"EntryPoint\",\"urlTemplate\":\"https:\/\/dfh.es\/?s={search_term_string}\"},\"query-input\":\"required name=search_term_string\"}],\"inLanguage\":\"en-US\"},{\"@type\":\"WebPage\",\"@id\":\"https:\/\/dfh.es\/en\/producto\/plastic-sharpeners-with-a-deposit-of-2-os-oval-rectangular-with-cover-%e2%96%a0-triangular-%e2%96%a0-automatic-wedge-rectangular-with-eraser\/\",\"url\":\"https:\/\/dfh.es\/en\/producto\/plastic-sharpeners-with-a-deposit-of-2-os-oval-rectangular-with-cover-%e2%96%a0-triangular-%e2%96%a0-automatic-wedge-rectangular-with-eraser\/\",\"name\":\"J. Domingo Ferrer SLU - M\u00e1s de 75 a\u00f1os de experiencia en el sector de las papeler\u00edas\",\"isPartOf\":{\"@id\":\"https:\/\/dfh.es\/#website\"},\"datePublished\":\"2022-01-13T15:55:33+00:00\",\"dateModified\":\"2023-03-16T12:43:48+00:00\",\"description\":\"Especializados desde 1944 en la fabricaci\u00f3n y comercializaci\u00f3n de art\u00edculos de dibujo escolar y t\u00e9cnico, productos para oficina y m\u00e9todos de aprendizaje infantil.\",\"breadcrumb\":{\"@id\":\"https:\/\/dfh.es\/en\/producto\/plastic-sharpeners-with-a-deposit-of-2-os-oval-rectangular-with-cover-%e2%96%a0-triangular-%e2%96%a0-automatic-wedge-rectangular-with-eraser\/#breadcrumb\"},\"inLanguage\":\"en-US\",\"potentialAction\":[{\"@type\":\"ReadAction\",\"target\":[\"https:\/\/dfh.es\/en\/producto\/plastic-sharpeners-with-a-deposit-of-2-os-oval-rectangular-with-cover-%e2%96%a0-triangular-%e2%96%a0-automatic-wedge-rectangular-with-eraser\/\"]}]},{\"@type\":\"BreadcrumbList\",\"@id\":\"https:\/\/dfh.es\/en\/producto\/plastic-sharpeners-with-a-deposit-of-2-os-oval-rectangular-with-cover-%e2%96%a0-triangular-%e2%96%a0-automatic-wedge-rectangular-with-eraser\/#breadcrumb\",\"itemListElement\":[{\"@type\":\"ListItem\",\"position\":1,\"name\":\"Portada\",\"item\":\"https:\/\/dfh.es\/en\/\"},{\"@type\":\"ListItem\",\"position\":2,\"name\":\"Shop\",\"item\":\"https:\/\/dfh.es\/en\/shop\/\"},{\"@type\":\"ListItem\",\"position\":3,\"name\":\"PLASTIC SHARPENERS WITH A DEPOSIT. 2 \u00d8s. OVAL \/ TRIANGULAR \/ AUTOMATIC WEDGE \/ RECTANGULAR with eraser\"}]}]}<\/script>\n<!-- \/ Yoast SEO plugin. -->","yoast_head_json":{"title":"J. Domingo Ferrer SLU - M\u00e1s de 75 a\u00f1os de experiencia en el sector de las papeler\u00edas","description":"Especializados desde 1944 en la fabricaci\u00f3n y comercializaci\u00f3n de art\u00edculos de dibujo escolar y t\u00e9cnico, productos para oficina y m\u00e9todos de aprendizaje infantil.","robots":{"index":"index","follow":"follow","max-snippet":"max-snippet:-1","max-image-preview":"max-image-preview:large","max-video-preview":"max-video-preview:-1"},"canonical":"https:\/\/dfh.es\/en\/producto\/plastic-sharpeners-with-a-deposit-of-2-os-oval-rectangular-with-cover-\u25a0-triangular-\u25a0-automatic-wedge-rectangular-with-eraser\/","og_locale":"en_US","og_type":"article","og_title":"J. Domingo Ferrer SLU - M\u00e1s de 75 a\u00f1os de experiencia en el sector de las papeler\u00edas","og_description":"Especializados desde 1944 en la fabricaci\u00f3n y comercializaci\u00f3n de art\u00edculos de dibujo escolar y t\u00e9cnico, productos para oficina y m\u00e9todos de aprendizaje infantil.","og_url":"https:\/\/dfh.es\/en\/producto\/plastic-sharpeners-with-a-deposit-of-2-os-oval-rectangular-with-cover-\u25a0-triangular-\u25a0-automatic-wedge-rectangular-with-eraser\/","og_site_name":"Domingo Ferrer","article_modified_time":"2023-03-16T12:43:48+00:00","og_image":[{"width":1280,"height":855,"url":"https:\/\/dfh.es\/wp-content\/uploads\/2021\/09\/604114_.png","type":"image\/png"}],"twitter_card":"summary_large_image","schema":{"@context":"https:\/\/schema.org","@graph":[{"@type":"Organization","@id":"https:\/\/dfh.es\/#organization","name":"J. Domingo Ferrer SLU","url":"https:\/\/dfh.es\/","sameAs":[],"logo":{"@type":"ImageObject","inLanguage":"en-US","@id":"https:\/\/dfh.es\/#\/schema\/logo\/image\/","url":"https:\/\/dfh.es\/wp-content\/uploads\/2018\/08\/JDFSLU-mitja-scaled.jpg","contentUrl":"https:\/\/dfh.es\/wp-content\/uploads\/2018\/08\/JDFSLU-mitja-scaled.jpg","width":2560,"height":346,"caption":"J. Domingo Ferrer SLU"},"image":{"@id":"https:\/\/dfh.es\/#\/schema\/logo\/image\/"}},{"@type":"WebSite","@id":"https:\/\/dfh.es\/#website","url":"https:\/\/dfh.es\/","name":"Domingo Ferrer","description":"M\u00e1s de 75 a\u00f1os de experiencia en el sector de las papeler\u00edas","publisher":{"@id":"https:\/\/dfh.es\/#organization"},"potentialAction":[{"@type":"SearchAction","target":{"@type":"EntryPoint","urlTemplate":"https:\/\/dfh.es\/?s={search_term_string}"},"query-input":"required name=search_term_string"}],"inLanguage":"en-US"},{"@type":"WebPage","@id":"https:\/\/dfh.es\/en\/producto\/plastic-sharpeners-with-a-deposit-of-2-os-oval-rectangular-with-cover-%e2%96%a0-triangular-%e2%96%a0-automatic-wedge-rectangular-with-eraser\/","url":"https:\/\/dfh.es\/en\/producto\/plastic-sharpeners-with-a-deposit-of-2-os-oval-rectangular-with-cover-%e2%96%a0-triangular-%e2%96%a0-automatic-wedge-rectangular-with-eraser\/","name":"J. Domingo Ferrer SLU - M\u00e1s de 75 a\u00f1os de experiencia en el sector de las papeler\u00edas","isPartOf":{"@id":"https:\/\/dfh.es\/#website"},"datePublished":"2022-01-13T15:55:33+00:00","dateModified":"2023-03-16T12:43:48+00:00","description":"Especializados desde 1944 en la fabricaci\u00f3n y comercializaci\u00f3n de art\u00edculos de dibujo escolar y t\u00e9cnico, productos para oficina y m\u00e9todos de aprendizaje infantil.","breadcrumb":{"@id":"https:\/\/dfh.es\/en\/producto\/plastic-sharpeners-with-a-deposit-of-2-os-oval-rectangular-with-cover-%e2%96%a0-triangular-%e2%96%a0-automatic-wedge-rectangular-with-eraser\/#breadcrumb"},"inLanguage":"en-US","potentialAction":[{"@type":"ReadAction","target":["https:\/\/dfh.es\/en\/producto\/plastic-sharpeners-with-a-deposit-of-2-os-oval-rectangular-with-cover-%e2%96%a0-triangular-%e2%96%a0-automatic-wedge-rectangular-with-eraser\/"]}]},{"@type":"BreadcrumbList","@id":"https:\/\/dfh.es\/en\/producto\/plastic-sharpeners-with-a-deposit-of-2-os-oval-rectangular-with-cover-%e2%96%a0-triangular-%e2%96%a0-automatic-wedge-rectangular-with-eraser\/#breadcrumb","itemListElement":[{"@type":"ListItem","position":1,"name":"Portada","item":"https:\/\/dfh.es\/en\/"},{"@type":"ListItem","position":2,"name":"Shop","item":"https:\/\/dfh.es\/en\/shop\/"},{"@type":"ListItem","position":3,"name":"PLASTIC SHARPENERS WITH A DEPOSIT. 2 \u00d8s. OVAL \/ TRIANGULAR \/ AUTOMATIC WEDGE \/ RECTANGULAR with eraser"}]}]}},"_links":{"self":[{"href":"https:\/\/dfh.es\/en\/wp-json\/wp\/v2\/product\/11908"}],"collection":[{"href":"https:\/\/dfh.es\/en\/wp-json\/wp\/v2\/product"}],"about":[{"href":"https:\/\/dfh.es\/en\/wp-json\/wp\/v2\/types\/product"}],"wp:featuredmedia":[{"embeddable":true,"href":"https:\/\/dfh.es\/en\/wp-json\/wp\/v2\/media\/11858"}],"wp:attachment":[{"href":"https:\/\/dfh.es\/en\/wp-json\/wp\/v2\/media?parent=11908"}],"wp:term":[{"taxonomy":"product_cat","embeddable":true,"href":"https:\/\/dfh.es\/en\/wp-json\/wp\/v2\/product_cat?post=11908"},{"taxonomy":"product_tag","embeddable":true,"href":"https:\/\/dfh.es\/en\/wp-json\/wp\/v2\/product_tag?post=11908"}],"curies":[{"name":"wp","href":"https:\/\/api.w.org\/{rel}","templated":true}]}}