{"id":12044,"date":"2022-02-13T09:01:11","date_gmt":"2022-02-13T09:01:11","guid":{"rendered":"https:\/\/dfh.es\/plastic-bookbinders\/"},"modified":"2022-02-13T09:01:12","modified_gmt":"2022-02-13T09:01:12","slug":"plastic-bookbinders","status":"publish","type":"page","link":"https:\/\/dfh.es\/en\/plastic-bookbinders\/","title":{"rendered":"Plastic bookbinders"},"content":{"rendered":"\t\t<div data-elementor-type=\"wp-page\" data-elementor-id=\"12044\" class=\"elementor elementor-12044 elementor-10354\">\n\t\t\t\t\t\t<div class=\"elementor-inner\">\n\t\t\t\t<div class=\"elementor-section-wrap\">\n\t\t\t\t\t\t\t\t\t<section class=\"elementor-section elementor-top-section elementor-element elementor-element-2662745 elementor-section-stretched elementor-section-height-min-height elementor-section-boxed elementor-section-height-default elementor-section-items-middle\" data-id=\"2662745\" data-element_type=\"section\" data-settings=\"{&quot;stretch_section&quot;:&quot;section-stretched&quot;,&quot;jet_parallax_layout_list&quot;:[{&quot;jet_parallax_layout_image&quot;:{&quot;url&quot;:&quot;&quot;,&quot;id&quot;:&quot;&quot;},&quot;_id&quot;:&quot;72b63f1&quot;,&quot;jet_parallax_layout_image_tablet&quot;:{&quot;url&quot;:&quot;&quot;,&quot;id&quot;:&quot;&quot;},&quot;jet_parallax_layout_image_mobile&quot;:{&quot;url&quot;:&quot;&quot;,&quot;id&quot;:&quot;&quot;},&quot;jet_parallax_layout_speed&quot;:{&quot;unit&quot;:&quot;%&quot;,&quot;size&quot;:50,&quot;sizes&quot;:[]},&quot;jet_parallax_layout_type&quot;:&quot;scroll&quot;,&quot;jet_parallax_layout_direction&quot;:null,&quot;jet_parallax_layout_fx_direction&quot;:null,&quot;jet_parallax_layout_z_index&quot;:&quot;&quot;,&quot;jet_parallax_layout_bg_x&quot;:50,&quot;jet_parallax_layout_bg_x_tablet&quot;:&quot;&quot;,&quot;jet_parallax_layout_bg_x_mobile&quot;:&quot;&quot;,&quot;jet_parallax_layout_bg_y&quot;:50,&quot;jet_parallax_layout_bg_y_tablet&quot;:&quot;&quot;,&quot;jet_parallax_layout_bg_y_mobile&quot;:&quot;&quot;,&quot;jet_parallax_layout_bg_size&quot;:&quot;auto&quot;,&quot;jet_parallax_layout_bg_size_tablet&quot;:&quot;&quot;,&quot;jet_parallax_layout_bg_size_mobile&quot;:&quot;&quot;,&quot;jet_parallax_layout_animation_prop&quot;:&quot;transform&quot;,&quot;jet_parallax_layout_on&quot;:[&quot;desktop&quot;,&quot;tablet&quot;]}],&quot;background_background&quot;:&quot;classic&quot;}\">\n\t\t\t\t\t\t<div class=\"elementor-container elementor-column-gap-default\">\n\t\t\t\t\t\t\t<div class=\"elementor-row\">\n\t\t\t\t\t<div class=\"elementor-column elementor-col-100 elementor-top-column elementor-element elementor-element-3efe04c\" data-id=\"3efe04c\" data-element_type=\"column\">\n\t\t\t<div class=\"elementor-column-wrap\">\n\t\t\t\t\t\t\t<div class=\"elementor-widget-wrap\">\n\t\t\t\t\t\t\t\t<\/div>\n\t\t\t\t\t<\/div>\n\t\t<\/div>\n\t\t\t\t\t\t\t\t<\/div>\n\t\t\t\t\t<\/div>\n\t\t<\/section>\n\t\t\t\t<section class=\"elementor-section elementor-top-section elementor-element elementor-element-6157ba5 elementor-section-boxed elementor-section-height-default elementor-section-height-default\" data-id=\"6157ba5\" data-element_type=\"section\" data-settings=\"{&quot;jet_parallax_layout_list&quot;:[{&quot;jet_parallax_layout_image&quot;:{&quot;url&quot;:&quot;&quot;,&quot;id&quot;:&quot;&quot;},&quot;_id&quot;:&quot;701bfb1&quot;,&quot;jet_parallax_layout_image_tablet&quot;:{&quot;url&quot;:&quot;&quot;,&quot;id&quot;:&quot;&quot;},&quot;jet_parallax_layout_image_mobile&quot;:{&quot;url&quot;:&quot;&quot;,&quot;id&quot;:&quot;&quot;},&quot;jet_parallax_layout_speed&quot;:{&quot;unit&quot;:&quot;%&quot;,&quot;size&quot;:50,&quot;sizes&quot;:[]},&quot;jet_parallax_layout_type&quot;:&quot;scroll&quot;,&quot;jet_parallax_layout_direction&quot;:null,&quot;jet_parallax_layout_fx_direction&quot;:null,&quot;jet_parallax_layout_z_index&quot;:&quot;&quot;,&quot;jet_parallax_layout_bg_x&quot;:50,&quot;jet_parallax_layout_bg_x_tablet&quot;:&quot;&quot;,&quot;jet_parallax_layout_bg_x_mobile&quot;:&quot;&quot;,&quot;jet_parallax_layout_bg_y&quot;:50,&quot;jet_parallax_layout_bg_y_tablet&quot;:&quot;&quot;,&quot;jet_parallax_layout_bg_y_mobile&quot;:&quot;&quot;,&quot;jet_parallax_layout_bg_size&quot;:&quot;auto&quot;,&quot;jet_parallax_layout_bg_size_tablet&quot;:&quot;&quot;,&quot;jet_parallax_layout_bg_size_mobile&quot;:&quot;&quot;,&quot;jet_parallax_layout_animation_prop&quot;:&quot;transform&quot;,&quot;jet_parallax_layout_on&quot;:[&quot;desktop&quot;,&quot;tablet&quot;]}]}\">\n\t\t\t\t\t\t<div class=\"elementor-container elementor-column-gap-default\">\n\t\t\t\t\t\t\t<div class=\"elementor-row\">\n\t\t\t\t\t<div class=\"elementor-column elementor-col-100 elementor-top-column elementor-element elementor-element-bf5de9d\" data-id=\"bf5de9d\" data-element_type=\"column\">\n\t\t\t<div class=\"elementor-column-wrap\">\n\t\t\t\t\t\t\t<div class=\"elementor-widget-wrap\">\n\t\t\t\t\t\t\t\t<\/div>\n\t\t\t\t\t<\/div>\n\t\t<\/div>\n\t\t\t\t\t\t\t\t<\/div>\n\t\t\t\t\t<\/div>\n\t\t<\/section>\n\t\t\t\t<section class=\"elementor-section elementor-top-section elementor-element elementor-element-0f4abb1 elementor-section-boxed elementor-section-height-default elementor-section-height-default\" data-id=\"0f4abb1\" data-element_type=\"section\" data-settings=\"{&quot;jet_parallax_layout_list&quot;:[{&quot;jet_parallax_layout_image&quot;:{&quot;url&quot;:&quot;&quot;,&quot;id&quot;:&quot;&quot;},&quot;_id&quot;:&quot;3e717a9&quot;,&quot;jet_parallax_layout_image_tablet&quot;:{&quot;url&quot;:&quot;&quot;,&quot;id&quot;:&quot;&quot;},&quot;jet_parallax_layout_image_mobile&quot;:{&quot;url&quot;:&quot;&quot;,&quot;id&quot;:&quot;&quot;},&quot;jet_parallax_layout_speed&quot;:{&quot;unit&quot;:&quot;%&quot;,&quot;size&quot;:50,&quot;sizes&quot;:[]},&quot;jet_parallax_layout_type&quot;:&quot;scroll&quot;,&quot;jet_parallax_layout_direction&quot;:null,&quot;jet_parallax_layout_fx_direction&quot;:null,&quot;jet_parallax_layout_z_index&quot;:&quot;&quot;,&quot;jet_parallax_layout_bg_x&quot;:50,&quot;jet_parallax_layout_bg_x_tablet&quot;:&quot;&quot;,&quot;jet_parallax_layout_bg_x_mobile&quot;:&quot;&quot;,&quot;jet_parallax_layout_bg_y&quot;:50,&quot;jet_parallax_layout_bg_y_tablet&quot;:&quot;&quot;,&quot;jet_parallax_layout_bg_y_mobile&quot;:&quot;&quot;,&quot;jet_parallax_layout_bg_size&quot;:&quot;auto&quot;,&quot;jet_parallax_layout_bg_size_tablet&quot;:&quot;&quot;,&quot;jet_parallax_layout_bg_size_mobile&quot;:&quot;&quot;,&quot;jet_parallax_layout_animation_prop&quot;:&quot;transform&quot;,&quot;jet_parallax_layout_on&quot;:[&quot;desktop&quot;,&quot;tablet&quot;]}]}\">\n\t\t\t\t\t\t<div class=\"elementor-container elementor-column-gap-default\">\n\t\t\t\t\t\t\t<div class=\"elementor-row\">\n\t\t\t\t\t<div class=\"elementor-column elementor-col-100 elementor-top-column elementor-element elementor-element-356d208\" data-id=\"356d208\" data-element_type=\"column\">\n\t\t\t<div class=\"elementor-column-wrap elementor-element-populated\">\n\t\t\t\t\t\t\t<div class=\"elementor-widget-wrap\">\n\t\t\t\t\t\t<div class=\"elementor-element elementor-element-5038e38 elementor-widget elementor-widget-jet-woo-products\" data-id=\"5038e38\" data-element_type=\"widget\" data-settings=\"{&quot;columns&quot;:&quot;5&quot;,&quot;columns_tablet&quot;:&quot;2&quot;,&quot;columns_mobile&quot;:&quot;1&quot;}\" data-widget_type=\"jet-woo-products.default\">\n\t\t\t\t<div class=\"elementor-widget-container\">\n\t\t\t<div class=\"elementor-jet-woo-products jet-woo-builder\"><div class=\"jet-woo-products jet-woo-products--preset-1 col-row  jet-equal-cols\" data-mobile-hover=\"\" >\n<div class=\"jet-woo-products__item jet-woo-builder-product\" data-product-id=\"11894\">\n\t<div class=\"jet-woo-products__inner-box\"  >\n\t\t\n<div class=\"jet-woo-product-thumbnail\">\n\t\n\t<a href=\"https:\/\/dfh.es\/en\/producto\/plastic-binder-21-r-30-cm\/\" ><img width=\"370\" height=\"265\" src=\"https:\/\/dfh.es\/wp-content\/uploads\/2020\/03\/920721-Canutillo-pla\u0301stico-21A_UNILEX-370x265.jpg\" class=\"attachment-post-thumbnail size-post-thumbnail\" alt=\"\" loading=\"lazy\" \/><\/a>\n\t<div class=\"jet-woo-product-img-overlay\"><\/div>\n\n\t\n\t<\/div><h5 class=\"jet-woo-product-title\" ><a href=\"https:\/\/dfh.es\/en\/producto\/plastic-binder-21-r-30-cm\/\" >ROUND AND OVAL PLASTIC BINDERS 21 RINGS (30 cm.)<\/a><\/h5>\n<div class=\"jet-woo-products-cqw-wrapper\">\n\t<\/div>\t<\/div>\n\n\t<\/div><\/div>\n<\/div>\t\t<\/div>\n\t\t\t\t<\/div>\n\t\t\t\t\t\t<\/div>\n\t\t\t\t\t<\/div>\n\t\t<\/div>\n\t\t\t\t\t\t\t\t<\/div>\n\t\t\t\t\t<\/div>\n\t\t<\/section>\n\t\t\t\t\t\t\t\t\t<\/div>\n\t\t\t<\/div>\n\t\t\t\t\t<\/div>\n\t\t","protected":false},"excerpt":{"rendered":"<p>ENCUADERNADORES DE PL\u00c1STICO REDONDOS Y OVALADOS 21 ANILLAS (30 cm.)<\/p>\n","protected":false},"author":1,"featured_media":0,"parent":0,"menu_order":0,"comment_status":"closed","ping_status":"closed","template":"","meta":[],"yoast_head":"<!-- This site is optimized with the Yoast SEO plugin v19.4 - https:\/\/yoast.com\/wordpress\/plugins\/seo\/ -->\n<title>J. Domingo Ferrer SLU - M\u00e1s de 75 a\u00f1os de experiencia en el sector de las papeler\u00edas<\/title>\n<meta name=\"description\" content=\"Especializados desde 1944 en la fabricaci\u00f3n y comercializaci\u00f3n de art\u00edculos de dibujo escolar y t\u00e9cnico, productos para oficina y m\u00e9todos de aprendizaje infantil.\" \/>\n<meta name=\"robots\" content=\"index, follow, max-snippet:-1, max-image-preview:large, max-video-preview:-1\" \/>\n<link rel=\"canonical\" href=\"https:\/\/dfh.es\/en\/plastic-bookbinders\/\" \/>\n<meta property=\"og:locale\" content=\"en_US\" \/>\n<meta property=\"og:type\" content=\"article\" \/>\n<meta property=\"og:title\" content=\"J. Domingo Ferrer SLU - M\u00e1s de 75 a\u00f1os de experiencia en el sector de las papeler\u00edas\" \/>\n<meta property=\"og:description\" content=\"Especializados desde 1944 en la fabricaci\u00f3n y comercializaci\u00f3n de art\u00edculos de dibujo escolar y t\u00e9cnico, productos para oficina y m\u00e9todos de aprendizaje infantil.\" \/>\n<meta property=\"og:url\" content=\"https:\/\/dfh.es\/en\/plastic-bookbinders\/\" \/>\n<meta property=\"og:site_name\" content=\"Domingo Ferrer\" \/>\n<meta property=\"article:modified_time\" content=\"2022-02-13T09:01:12+00:00\" \/>\n<meta name=\"twitter:card\" content=\"summary_large_image\" \/>\n<script type=\"application\/ld+json\" class=\"yoast-schema-graph\">{\"@context\":\"https:\/\/schema.org\",\"@graph\":[{\"@type\":\"Organization\",\"@id\":\"https:\/\/dfh.es\/#organization\",\"name\":\"J. Domingo Ferrer SLU\",\"url\":\"https:\/\/dfh.es\/\",\"sameAs\":[],\"logo\":{\"@type\":\"ImageObject\",\"inLanguage\":\"en-US\",\"@id\":\"https:\/\/dfh.es\/#\/schema\/logo\/image\/\",\"url\":\"https:\/\/dfh.es\/wp-content\/uploads\/2018\/08\/JDFSLU-mitja-scaled.jpg\",\"contentUrl\":\"https:\/\/dfh.es\/wp-content\/uploads\/2018\/08\/JDFSLU-mitja-scaled.jpg\",\"width\":2560,\"height\":346,\"caption\":\"J. Domingo Ferrer SLU\"},\"image\":{\"@id\":\"https:\/\/dfh.es\/#\/schema\/logo\/image\/\"}},{\"@type\":\"WebSite\",\"@id\":\"https:\/\/dfh.es\/#website\",\"url\":\"https:\/\/dfh.es\/\",\"name\":\"Domingo Ferrer\",\"description\":\"M\u00e1s de 75 a\u00f1os de experiencia en el sector de las papeler\u00edas\",\"publisher\":{\"@id\":\"https:\/\/dfh.es\/#organization\"},\"potentialAction\":[{\"@type\":\"SearchAction\",\"target\":{\"@type\":\"EntryPoint\",\"urlTemplate\":\"https:\/\/dfh.es\/?s={search_term_string}\"},\"query-input\":\"required name=search_term_string\"}],\"inLanguage\":\"en-US\"},{\"@type\":\"WebPage\",\"@id\":\"https:\/\/dfh.es\/en\/plastic-bookbinders\/\",\"url\":\"https:\/\/dfh.es\/en\/plastic-bookbinders\/\",\"name\":\"J. Domingo Ferrer SLU - M\u00e1s de 75 a\u00f1os de experiencia en el sector de las papeler\u00edas\",\"isPartOf\":{\"@id\":\"https:\/\/dfh.es\/#website\"},\"datePublished\":\"2022-02-13T09:01:11+00:00\",\"dateModified\":\"2022-02-13T09:01:12+00:00\",\"description\":\"Especializados desde 1944 en la fabricaci\u00f3n y comercializaci\u00f3n de art\u00edculos de dibujo escolar y t\u00e9cnico, productos para oficina y m\u00e9todos de aprendizaje infantil.\",\"breadcrumb\":{\"@id\":\"https:\/\/dfh.es\/en\/plastic-bookbinders\/#breadcrumb\"},\"inLanguage\":\"en-US\",\"potentialAction\":[{\"@type\":\"ReadAction\",\"target\":[\"https:\/\/dfh.es\/en\/plastic-bookbinders\/\"]}]},{\"@type\":\"BreadcrumbList\",\"@id\":\"https:\/\/dfh.es\/en\/plastic-bookbinders\/#breadcrumb\",\"itemListElement\":[{\"@type\":\"ListItem\",\"position\":1,\"name\":\"Portada\",\"item\":\"https:\/\/dfh.es\/en\/\"},{\"@type\":\"ListItem\",\"position\":2,\"name\":\"Plastic bookbinders\"}]}]}<\/script>\n<!-- \/ Yoast SEO plugin. -->","yoast_head_json":{"title":"J. Domingo Ferrer SLU - M\u00e1s de 75 a\u00f1os de experiencia en el sector de las papeler\u00edas","description":"Especializados desde 1944 en la fabricaci\u00f3n y comercializaci\u00f3n de art\u00edculos de dibujo escolar y t\u00e9cnico, productos para oficina y m\u00e9todos de aprendizaje infantil.","robots":{"index":"index","follow":"follow","max-snippet":"max-snippet:-1","max-image-preview":"max-image-preview:large","max-video-preview":"max-video-preview:-1"},"canonical":"https:\/\/dfh.es\/en\/plastic-bookbinders\/","og_locale":"en_US","og_type":"article","og_title":"J. Domingo Ferrer SLU - M\u00e1s de 75 a\u00f1os de experiencia en el sector de las papeler\u00edas","og_description":"Especializados desde 1944 en la fabricaci\u00f3n y comercializaci\u00f3n de art\u00edculos de dibujo escolar y t\u00e9cnico, productos para oficina y m\u00e9todos de aprendizaje infantil.","og_url":"https:\/\/dfh.es\/en\/plastic-bookbinders\/","og_site_name":"Domingo Ferrer","article_modified_time":"2022-02-13T09:01:12+00:00","twitter_card":"summary_large_image","schema":{"@context":"https:\/\/schema.org","@graph":[{"@type":"Organization","@id":"https:\/\/dfh.es\/#organization","name":"J. Domingo Ferrer SLU","url":"https:\/\/dfh.es\/","sameAs":[],"logo":{"@type":"ImageObject","inLanguage":"en-US","@id":"https:\/\/dfh.es\/#\/schema\/logo\/image\/","url":"https:\/\/dfh.es\/wp-content\/uploads\/2018\/08\/JDFSLU-mitja-scaled.jpg","contentUrl":"https:\/\/dfh.es\/wp-content\/uploads\/2018\/08\/JDFSLU-mitja-scaled.jpg","width":2560,"height":346,"caption":"J. Domingo Ferrer SLU"},"image":{"@id":"https:\/\/dfh.es\/#\/schema\/logo\/image\/"}},{"@type":"WebSite","@id":"https:\/\/dfh.es\/#website","url":"https:\/\/dfh.es\/","name":"Domingo Ferrer","description":"M\u00e1s de 75 a\u00f1os de experiencia en el sector de las papeler\u00edas","publisher":{"@id":"https:\/\/dfh.es\/#organization"},"potentialAction":[{"@type":"SearchAction","target":{"@type":"EntryPoint","urlTemplate":"https:\/\/dfh.es\/?s={search_term_string}"},"query-input":"required name=search_term_string"}],"inLanguage":"en-US"},{"@type":"WebPage","@id":"https:\/\/dfh.es\/en\/plastic-bookbinders\/","url":"https:\/\/dfh.es\/en\/plastic-bookbinders\/","name":"J. Domingo Ferrer SLU - M\u00e1s de 75 a\u00f1os de experiencia en el sector de las papeler\u00edas","isPartOf":{"@id":"https:\/\/dfh.es\/#website"},"datePublished":"2022-02-13T09:01:11+00:00","dateModified":"2022-02-13T09:01:12+00:00","description":"Especializados desde 1944 en la fabricaci\u00f3n y comercializaci\u00f3n de art\u00edculos de dibujo escolar y t\u00e9cnico, productos para oficina y m\u00e9todos de aprendizaje infantil.","breadcrumb":{"@id":"https:\/\/dfh.es\/en\/plastic-bookbinders\/#breadcrumb"},"inLanguage":"en-US","potentialAction":[{"@type":"ReadAction","target":["https:\/\/dfh.es\/en\/plastic-bookbinders\/"]}]},{"@type":"BreadcrumbList","@id":"https:\/\/dfh.es\/en\/plastic-bookbinders\/#breadcrumb","itemListElement":[{"@type":"ListItem","position":1,"name":"Portada","item":"https:\/\/dfh.es\/en\/"},{"@type":"ListItem","position":2,"name":"Plastic bookbinders"}]}]}},"_links":{"self":[{"href":"https:\/\/dfh.es\/en\/wp-json\/wp\/v2\/pages\/12044"}],"collection":[{"href":"https:\/\/dfh.es\/en\/wp-json\/wp\/v2\/pages"}],"about":[{"href":"https:\/\/dfh.es\/en\/wp-json\/wp\/v2\/types\/page"}],"author":[{"embeddable":true,"href":"https:\/\/dfh.es\/en\/wp-json\/wp\/v2\/users\/1"}],"replies":[{"embeddable":true,"href":"https:\/\/dfh.es\/en\/wp-json\/wp\/v2\/comments?post=12044"}],"version-history":[{"count":1,"href":"https:\/\/dfh.es\/en\/wp-json\/wp\/v2\/pages\/12044\/revisions"}],"predecessor-version":[{"id":12045,"href":"https:\/\/dfh.es\/en\/wp-json\/wp\/v2\/pages\/12044\/revisions\/12045"}],"wp:attachment":[{"href":"https:\/\/dfh.es\/en\/wp-json\/wp\/v2\/media?parent=12044"}],"curies":[{"name":"wp","href":"https:\/\/api.w.org\/{rel}","templated":true}]}}